{"id":25,"date":"2026-03-19T20:47:14","date_gmt":"2026-03-19T23:47:14","guid":{"rendered":"http:\/\/victorysv.com.br\/?page_id=25"},"modified":"2026-03-20T10:37:34","modified_gmt":"2026-03-20T13:37:34","slug":"solucoes","status":"publish","type":"page","link":"https:\/\/victorysv.com.br\/index.php\/solucoes\/","title":{"rendered":"Solu\u00e7\u00f5es"},"content":{"rendered":"\t\t<div data-elementor-type=\"wp-page\" data-elementor-id=\"25\" class=\"elementor elementor-25\">\n\t\t\t\t<div class=\"elementor-element elementor-element-233e977 e-flex e-con-boxed e-con e-parent\" data-id=\"233e977\" data-element_type=\"container\" data-e-type=\"container\">\n\t\t\t\t\t<div class=\"e-con-inner\">\n\t\t\t\t<div class=\"elementor-element elementor-element-b4dc52d elementor-widget elementor-widget-html\" data-id=\"b4dc52d\" data-element_type=\"widget\" data-e-type=\"widget\" data-widget_type=\"html.default\">\n\t\t\t\t\t<link href=\"https:\/\/fonts.googleapis.com\/css2?family=Roboto:wght@400;500;700&display=swap\" rel=\"stylesheet\">\r\n\r\n<div style=\"width:100vw;margin-left:calc(-50vw + 50%);background:#f0f4f0;padding:80px 20px;font-family:'Roboto',sans-serif;\">\r\n<div style=\"max-width:1100px;margin:auto;\">\r\n\r\n  <!-- T\u00cdTULO -->\r\n  <div style=\"text-align:center;margin-bottom:50px;\">\r\n    <h2 style=\"color:#003641;font-size:30px;margin:0 0 10px;font-family:'Roboto',sans-serif;\">Solu\u00e7\u00f5es para o seu neg\u00f3cio<\/h2>\r\n    <p style=\"color:#555;font-size:16px;margin:0;font-family:'Roboto',sans-serif;\">Antecipa\u00e7\u00e3o de receb\u00edveis com seguran\u00e7a e previsibilidade<\/p>\r\n  <\/div>\r\n\r\n  <!-- GRID DE CARDS -->\r\n  <div style=\"display:grid;grid-template-columns:repeat(auto-fit,minmax(200px,1fr));gap:24px;\">\r\n\r\n    <!-- Empresas B2B -->\r\n    <div style=\"background:white;padding:32px 24px;border-radius:14px;box-shadow:0 2px 12px rgba(0,0,0,0.07);text-align:center;display:flex;flex-direction:column;align-items:center;\">\r\n      <div style=\"width:56px;height:56px;background:#e8f4f0;border-radius:50%;display:flex;align-items:center;justify-content:center;margin-bottom:18px;\">\r\n        <svg width=\"26\" height=\"26\" viewBox=\"0 0 24 24\" fill=\"none\" stroke=\"#003641\" stroke-width=\"1.6\" stroke-linecap=\"round\" stroke-linejoin=\"round\">\r\n          <rect x=\"2\" y=\"7\" width=\"20\" height=\"14\" rx=\"2\"\/>\r\n          <path d=\"M16 7V5a2 2 0 00-2-2h-4a2 2 0 00-2 2v2\"\/>\r\n          <line x1=\"12\" y1=\"12\" x2=\"12\" y2=\"16\"\/>\r\n          <line x1=\"10\" y1=\"14\" x2=\"14\" y2=\"14\"\/>\r\n        <\/svg>\r\n      <\/div>\r\n      <h3 style=\"color:#003641;font-size:16px;margin:0 0 10px;font-family:'Roboto',sans-serif;\">Empresas B2B<\/h3>\r\n      <p style=\"color:#666;font-size:14px;line-height:1.7;margin:0 0 20px;font-family:'Roboto',sans-serif;\">Antecipe duplicatas e contratos a prazo com seguran\u00e7a.<\/p>\r\n      <a href=\"https:\/\/wa.me\/5561982990308?text=Ol\u00e1!%20Tenho%20interesse%20em%20antecipa\u00e7\u00e3o%20para%20Empresas%20B2B.\" target=\"_blank\" style=\"display:inline-flex;align-items:center;gap:6px;color:#003641 !important;text-decoration:none !important;font-size:14px;font-weight:600;border:1.5px solid #003641;padding:9px 18px;border-radius:6px;font-family:'Roboto',sans-serif;margin-top:auto;\">\r\n        Saiba mais \u2192\r\n      <\/a>\r\n    <\/div>\r\n\r\n    <!-- Condom\u00ednios -->\r\n    <div style=\"background:white;padding:32px 24px;border-radius:14px;box-shadow:0 2px 12px rgba(0,0,0,0.07);text-align:center;display:flex;flex-direction:column;align-items:center;\">\r\n      <div style=\"width:56px;height:56px;background:#e8f4f0;border-radius:50%;display:flex;align-items:center;justify-content:center;margin-bottom:18px;\">\r\n        <svg width=\"26\" height=\"26\" viewBox=\"0 0 24 24\" fill=\"none\" stroke=\"#003641\" stroke-width=\"1.6\" stroke-linecap=\"round\" stroke-linejoin=\"round\">\r\n          <path d=\"M3 9l9-7 9 7v11a2 2 0 01-2 2H5a2 2 0 01-2-2z\"\/>\r\n          <polyline points=\"9,22 9,12 15,12 15,22\"\/>\r\n        <\/svg>\r\n      <\/div>\r\n      <h3 style=\"color:#003641;font-size:16px;margin:0 0 10px;font-family:'Roboto',sans-serif;\">Condom\u00ednios<\/h3>\r\n      <p style=\"color:#666;font-size:14px;line-height:1.7;margin:0 0 20px;font-family:'Roboto',sans-serif;\">Antecipa\u00e7\u00e3o de taxas condominiais com previsibilidade.<\/p>\r\n      <a href=\"https:\/\/wa.me\/5561982990308?text=Ol\u00e1!%20Tenho%20interesse%20em%20antecipa\u00e7\u00e3o%20para%20Condom\u00ednios.\" target=\"_blank\" style=\"display:inline-flex;align-items:center;gap:6px;color:#003641 !important;text-decoration:none !important;font-size:14px;font-weight:600;border:1.5px solid #003641;padding:9px 18px;border-radius:6px;font-family:'Roboto',sans-serif;margin-top:auto;\">\r\n        Saiba mais \u2192\r\n      <\/a>\r\n    <\/div>\r\n\r\n    <!-- Investidores -->\r\n    <div style=\"background:white;padding:32px 24px;border-radius:14px;box-shadow:0 2px 12px rgba(0,0,0,0.07);text-align:center;display:flex;flex-direction:column;align-items:center;\">\r\n      <div style=\"width:56px;height:56px;background:#e8f4f0;border-radius:50%;display:flex;align-items:center;justify-content:center;margin-bottom:18px;\">\r\n        <svg width=\"26\" height=\"26\" viewBox=\"0 0 24 24\" fill=\"none\" stroke=\"#003641\" stroke-width=\"1.6\" stroke-linecap=\"round\" stroke-linejoin=\"round\">\r\n          <line x1=\"12\" y1=\"1\" x2=\"12\" y2=\"23\"\/>\r\n          <path d=\"M17 5H9.5a3.5 3.5 0 000 7h5a3.5 3.5 0 010 7H6\"\/>\r\n        <\/svg>\r\n      <\/div>\r\n      <h3 style=\"color:#003641;font-size:16px;margin:0 0 10px;font-family:'Roboto',sans-serif;\">Investidores<\/h3>\r\n      <p style=\"color:#666;font-size:14px;line-height:1.7;margin:0 0 20px;font-family:'Roboto',sans-serif;\">Invista em receb\u00edveis com lastro real e rentabilidade.<\/p>\r\n      <a href=\"https:\/\/wa.me\/5561982990308?text=Ol\u00e1!%20Tenho%20interesse%20em%20investir%20em%20receb\u00edveis.\" target=\"_blank\" style=\"display:inline-flex;align-items:center;gap:6px;color:#003641 !important;text-decoration:none !important;font-size:14px;font-weight:600;border:1.5px solid #003641;padding:9px 18px;border-radius:6px;font-family:'Roboto',sans-serif;margin-top:auto;\">\r\n        Saiba mais \u2192\r\n      <\/a>\r\n    <\/div>\r\n\r\n    <!-- Cart\u00e3o Parcelado -->\r\n    <div style=\"background:white;padding:32px 24px;border-radius:14px;box-shadow:0 2px 12px rgba(0,0,0,0.07);text-align:center;display:flex;flex-direction:column;align-items:center;\">\r\n      <div style=\"width:56px;height:56px;background:#e8f4f0;border-radius:50%;display:flex;align-items:center;justify-content:center;margin-bottom:18px;\">\r\n        <svg width=\"26\" height=\"26\" viewBox=\"0 0 24 24\" fill=\"none\" stroke=\"#003641\" stroke-width=\"1.6\" stroke-linecap=\"round\" stroke-linejoin=\"round\">\r\n          <rect x=\"1\" y=\"4\" width=\"22\" height=\"16\" rx=\"2\"\/>\r\n          <line x1=\"1\" y1=\"10\" x2=\"23\" y2=\"10\"\/>\r\n        <\/svg>\r\n      <\/div>\r\n      <h3 style=\"color:#003641;font-size:16px;margin:0 0 10px;font-family:'Roboto',sans-serif;\">Cart\u00e3o parcelado<\/h3>\r\n      <p style=\"color:#666;font-size:14px;line-height:1.7;margin:0 0 20px;font-family:'Roboto',sans-serif;\">Receba \u00e0 vista suas vendas parceladas no cart\u00e3o.<\/p>\r\n      <a href=\"https:\/\/wa.me\/5561982990308?text=Ol\u00e1!%20Tenho%20interesse%20em%20antecipa\u00e7\u00e3o%20de%20Cart\u00e3o%20Parcelado.\" target=\"_blank\" style=\"display:inline-flex;align-items:center;gap:6px;color:#003641 !important;text-decoration:none !important;font-size:14px;font-weight:600;border:1.5px solid #003641;padding:9px 18px;border-radius:6px;font-family:'Roboto',sans-serif;margin-top:auto;\">\r\n        Saiba mais \u2192\r\n      <\/a>\r\n    <\/div>\r\n\r\n    <!-- Alugu\u00e9is e Contratos -->\r\n    <div style=\"background:white;padding:32px 24px;border-radius:14px;box-shadow:0 2px 12px rgba(0,0,0,0.07);text-align:center;display:flex;flex-direction:column;align-items:center;\">\r\n      <div style=\"width:56px;height:56px;background:#e8f4f0;border-radius:50%;display:flex;align-items:center;justify-content:center;margin-bottom:18px;\">\r\n        <svg width=\"26\" height=\"26\" viewBox=\"0 0 24 24\" fill=\"none\" stroke=\"#003641\" stroke-width=\"1.6\" stroke-linecap=\"round\" stroke-linejoin=\"round\">\r\n          <path d=\"M3 9l9-7 9 7v11a2 2 0 01-2 2H5a2 2 0 01-2-2z\"\/>\r\n          <path d=\"M9 22V12h6v10\"\/>\r\n          <path d=\"M12 7v.01\"\/>\r\n        <\/svg>\r\n      <\/div>\r\n      <h3 style=\"color:#003641;font-size:16px;margin:0 0 10px;font-family:'Roboto',sans-serif;\">Alugu\u00e9is e contratos<\/h3>\r\n      <p style=\"color:#666;font-size:14px;line-height:1.7;margin:0 0 20px;font-family:'Roboto',sans-serif;\">Antecipe receb\u00edveis imobili\u00e1rios com seguran\u00e7a.<\/p>\r\n      <a href=\"https:\/\/wa.me\/5561982990308?text=Ol\u00e1!%20Tenho%20interesse%20em%20antecipa\u00e7\u00e3o%20de%20Alugu\u00e9is%20e%20Contratos.\" target=\"_blank\" style=\"display:inline-flex;align-items:center;gap:6px;color:#003641 !important;text-decoration:none !important;font-size:14px;font-weight:600;border:1.5px solid #003641;padding:9px 18px;border-radius:6px;font-family:'Roboto',sans-serif;margin-top:auto;\">\r\n        Saiba mais \u2192\r\n      <\/a>\r\n    <\/div>\r\n\r\n  <\/div>\r\n<\/div>\r\n<\/div>\t\t\t\t<\/div>\n\t\t\t\t\t<\/div>\n\t\t\t\t<\/div>\n\t\t\t\t<\/div>\n\t\t","protected":false},"excerpt":{"rendered":"<p>Solu\u00e7\u00f5es para o seu neg\u00f3cio Antecipa\u00e7\u00e3o de receb\u00edveis com seguran\u00e7a e previsibilidade Empresas B2B Antecipe duplicatas e contratos a prazo [&hellip;]<\/p>\n","protected":false},"author":1,"featured_media":0,"parent":0,"menu_order":0,"comment_status":"closed","ping_status":"closed","template":"","meta":{"site-sidebar-layout":"no-sidebar","site-content-layout":"","ast-site-content-layout":"full-width-container","site-content-style":"default","site-sidebar-style":"default","ast-global-header-display":"","ast-banner-title-visibility":"","ast-main-header-display":"","ast-hfb-above-header-display":"","ast-hfb-below-header-display":"","ast-hfb-mobile-header-display":"","site-post-title":"disabled","ast-breadcrumbs-content":"","ast-featured-img":"disabled","footer-sml-layout":"","ast-disable-related-posts":"","theme-transparent-header-meta":"","adv-header-id-meta":"","stick-header-meta":"","header-above-stick-meta":"","header-main-stick-meta":"","header-below-stick-meta":"","astra-migrate-meta-layouts":"default","ast-page-background-enabled":"default","ast-page-background-meta":{"desktop":{"background-color":"var(--ast-global-color-5)","background-image":"","background-repeat":"repeat","background-position":"center center","background-size":"auto","background-attachment":"scroll","background-type":"","background-media":"","overlay-type":"","overlay-color":"","overlay-opacity":"","overlay-gradient":""},"tablet":{"background-color":"","background-image":"","background-repeat":"repeat","background-position":"center center","background-size":"auto","background-attachment":"scroll","background-type":"","background-media":"","overlay-type":"","overlay-color":"","overlay-opacity":"","overlay-gradient":""},"mobile":{"background-color":"","background-image":"","background-repeat":"repeat","background-position":"center center","background-size":"auto","background-attachment":"scroll","background-type":"","background-media":"","overlay-type":"","overlay-color":"","overlay-opacity":"","overlay-gradient":""}},"ast-content-background-meta":{"desktop":{"background-color":"var(--ast-global-color-4)","background-image":"","background-repeat":"repeat","background-position":"center center","background-size":"auto","background-attachment":"scroll","background-type":"","background-media":"","overlay-type":"","overlay-color":"","overlay-opacity":"","overlay-gradient":""},"tablet":{"background-color":"var(--ast-global-color-4)","background-image":"","background-repeat":"repeat","background-position":"center center","background-size":"auto","background-attachment":"scroll","background-type":"","background-media":"","overlay-type":"","overlay-color":"","overlay-opacity":"","overlay-gradient":""},"mobile":{"background-color":"var(--ast-global-color-4)","background-image":"","background-repeat":"repeat","background-position":"center center","background-size":"auto","background-attachment":"scroll","background-type":"","background-media":"","overlay-type":"","overlay-color":"","overlay-opacity":"","overlay-gradient":""}},"footnotes":""},"class_list":["post-25","page","type-page","status-publish","hentry"],"yoast_head":"<!-- This site is optimized with the Yoast SEO plugin v27.3 - https:\/\/yoast.com\/product\/yoast-seo-wordpress\/ -->\n<title>Solu\u00e7\u00f5es -<\/title>\n<meta name=\"robots\" content=\"index, follow, max-snippet:-1, max-image-preview:large, max-video-preview:-1\" \/>\n<link rel=\"canonical\" href=\"http:\/\/victorysv.com.br\/index.php\/solucoes\/\" \/>\n<meta property=\"og:locale\" content=\"pt_BR\" \/>\n<meta property=\"og:type\" content=\"article\" \/>\n<meta property=\"og:title\" content=\"Solu\u00e7\u00f5es -\" \/>\n<meta property=\"og:description\" content=\"Solu\u00e7\u00f5es para o seu neg\u00f3cio Antecipa\u00e7\u00e3o de receb\u00edveis com seguran\u00e7a e previsibilidade Empresas B2B Antecipe duplicatas e contratos a prazo [&hellip;]\" \/>\n<meta property=\"og:url\" content=\"http:\/\/victorysv.com.br\/index.php\/solucoes\/\" \/>\n<meta property=\"article:modified_time\" content=\"2026-03-20T13:37:34+00:00\" \/>\n<meta name=\"twitter:card\" content=\"summary_large_image\" \/>\n<meta name=\"twitter:label1\" content=\"Est. tempo de leitura\" \/>\n\t<meta name=\"twitter:data1\" content=\"1 minuto\" \/>\n<script type=\"application\/ld+json\" class=\"yoast-schema-graph\">{\"@context\":\"https:\\\/\\\/schema.org\",\"@graph\":[{\"@type\":\"WebPage\",\"@id\":\"http:\\\/\\\/victorysv.com.br\\\/index.php\\\/solucoes\\\/\",\"url\":\"http:\\\/\\\/victorysv.com.br\\\/index.php\\\/solucoes\\\/\",\"name\":\"Solu\u00e7\u00f5es -\",\"isPartOf\":{\"@id\":\"https:\\\/\\\/victorysv.com.br\\\/#website\"},\"datePublished\":\"2026-03-19T23:47:14+00:00\",\"dateModified\":\"2026-03-20T13:37:34+00:00\",\"breadcrumb\":{\"@id\":\"http:\\\/\\\/victorysv.com.br\\\/index.php\\\/solucoes\\\/#breadcrumb\"},\"inLanguage\":\"pt-BR\",\"potentialAction\":[{\"@type\":\"ReadAction\",\"target\":[\"http:\\\/\\\/victorysv.com.br\\\/index.php\\\/solucoes\\\/\"]}]},{\"@type\":\"BreadcrumbList\",\"@id\":\"http:\\\/\\\/victorysv.com.br\\\/index.php\\\/solucoes\\\/#breadcrumb\",\"itemListElement\":[{\"@type\":\"ListItem\",\"position\":1,\"name\":\"Home\",\"item\":\"https:\\\/\\\/victorysv.com.br\\\/\"},{\"@type\":\"ListItem\",\"position\":2,\"name\":\"Solu\u00e7\u00f5es\"}]},{\"@type\":\"WebSite\",\"@id\":\"https:\\\/\\\/victorysv.com.br\\\/#website\",\"url\":\"https:\\\/\\\/victorysv.com.br\\\/\",\"name\":\"Victory Solu\u00e7\u00f5es Vers\u00e1teis\",\"description\":\"\",\"publisher\":{\"@id\":\"https:\\\/\\\/victorysv.com.br\\\/#organization\"},\"potentialAction\":[{\"@type\":\"SearchAction\",\"target\":{\"@type\":\"EntryPoint\",\"urlTemplate\":\"https:\\\/\\\/victorysv.com.br\\\/?s={search_term_string}\"},\"query-input\":{\"@type\":\"PropertyValueSpecification\",\"valueRequired\":true,\"valueName\":\"search_term_string\"}}],\"inLanguage\":\"pt-BR\"},{\"@type\":\"Organization\",\"@id\":\"https:\\\/\\\/victorysv.com.br\\\/#organization\",\"name\":\"Victory Solu\u00e7\u00f5es Vers\u00e1teis\",\"url\":\"https:\\\/\\\/victorysv.com.br\\\/\",\"logo\":{\"@type\":\"ImageObject\",\"inLanguage\":\"pt-BR\",\"@id\":\"https:\\\/\\\/victorysv.com.br\\\/#\\\/schema\\\/logo\\\/image\\\/\",\"url\":\"https:\\\/\\\/victorysv.com.br\\\/wp-content\\\/uploads\\\/2026\\\/03\\\/cropped-Prancheta-1.png\",\"contentUrl\":\"https:\\\/\\\/victorysv.com.br\\\/wp-content\\\/uploads\\\/2026\\\/03\\\/cropped-Prancheta-1.png\",\"width\":647,\"height\":188,\"caption\":\"Victory Solu\u00e7\u00f5es Vers\u00e1teis\"},\"image\":{\"@id\":\"https:\\\/\\\/victorysv.com.br\\\/#\\\/schema\\\/logo\\\/image\\\/\"}}]}<\/script>\n<!-- \/ Yoast SEO plugin. -->","yoast_head_json":{"title":"Solu\u00e7\u00f5es -","robots":{"index":"index","follow":"follow","max-snippet":"max-snippet:-1","max-image-preview":"max-image-preview:large","max-video-preview":"max-video-preview:-1"},"canonical":"http:\/\/victorysv.com.br\/index.php\/solucoes\/","og_locale":"pt_BR","og_type":"article","og_title":"Solu\u00e7\u00f5es -","og_description":"Solu\u00e7\u00f5es para o seu neg\u00f3cio Antecipa\u00e7\u00e3o de receb\u00edveis com seguran\u00e7a e previsibilidade Empresas B2B Antecipe duplicatas e contratos a prazo [&hellip;]","og_url":"http:\/\/victorysv.com.br\/index.php\/solucoes\/","article_modified_time":"2026-03-20T13:37:34+00:00","twitter_card":"summary_large_image","twitter_misc":{"Est. tempo de leitura":"1 minuto"},"schema":{"@context":"https:\/\/schema.org","@graph":[{"@type":"WebPage","@id":"http:\/\/victorysv.com.br\/index.php\/solucoes\/","url":"http:\/\/victorysv.com.br\/index.php\/solucoes\/","name":"Solu\u00e7\u00f5es -","isPartOf":{"@id":"https:\/\/victorysv.com.br\/#website"},"datePublished":"2026-03-19T23:47:14+00:00","dateModified":"2026-03-20T13:37:34+00:00","breadcrumb":{"@id":"http:\/\/victorysv.com.br\/index.php\/solucoes\/#breadcrumb"},"inLanguage":"pt-BR","potentialAction":[{"@type":"ReadAction","target":["http:\/\/victorysv.com.br\/index.php\/solucoes\/"]}]},{"@type":"BreadcrumbList","@id":"http:\/\/victorysv.com.br\/index.php\/solucoes\/#breadcrumb","itemListElement":[{"@type":"ListItem","position":1,"name":"Home","item":"https:\/\/victorysv.com.br\/"},{"@type":"ListItem","position":2,"name":"Solu\u00e7\u00f5es"}]},{"@type":"WebSite","@id":"https:\/\/victorysv.com.br\/#website","url":"https:\/\/victorysv.com.br\/","name":"Victory Solu\u00e7\u00f5es Vers\u00e1teis","description":"","publisher":{"@id":"https:\/\/victorysv.com.br\/#organization"},"potentialAction":[{"@type":"SearchAction","target":{"@type":"EntryPoint","urlTemplate":"https:\/\/victorysv.com.br\/?s={search_term_string}"},"query-input":{"@type":"PropertyValueSpecification","valueRequired":true,"valueName":"search_term_string"}}],"inLanguage":"pt-BR"},{"@type":"Organization","@id":"https:\/\/victorysv.com.br\/#organization","name":"Victory Solu\u00e7\u00f5es Vers\u00e1teis","url":"https:\/\/victorysv.com.br\/","logo":{"@type":"ImageObject","inLanguage":"pt-BR","@id":"https:\/\/victorysv.com.br\/#\/schema\/logo\/image\/","url":"https:\/\/victorysv.com.br\/wp-content\/uploads\/2026\/03\/cropped-Prancheta-1.png","contentUrl":"https:\/\/victorysv.com.br\/wp-content\/uploads\/2026\/03\/cropped-Prancheta-1.png","width":647,"height":188,"caption":"Victory Solu\u00e7\u00f5es Vers\u00e1teis"},"image":{"@id":"https:\/\/victorysv.com.br\/#\/schema\/logo\/image\/"}}]}},"_links":{"self":[{"href":"https:\/\/victorysv.com.br\/index.php\/wp-json\/wp\/v2\/pages\/25","targetHints":{"allow":["GET"]}}],"collection":[{"href":"https:\/\/victorysv.com.br\/index.php\/wp-json\/wp\/v2\/pages"}],"about":[{"href":"https:\/\/victorysv.com.br\/index.php\/wp-json\/wp\/v2\/types\/page"}],"author":[{"embeddable":true,"href":"https:\/\/victorysv.com.br\/index.php\/wp-json\/wp\/v2\/users\/1"}],"replies":[{"embeddable":true,"href":"https:\/\/victorysv.com.br\/index.php\/wp-json\/wp\/v2\/comments?post=25"}],"version-history":[{"count":5,"href":"https:\/\/victorysv.com.br\/index.php\/wp-json\/wp\/v2\/pages\/25\/revisions"}],"predecessor-version":[{"id":217,"href":"https:\/\/victorysv.com.br\/index.php\/wp-json\/wp\/v2\/pages\/25\/revisions\/217"}],"wp:attachment":[{"href":"https:\/\/victorysv.com.br\/index.php\/wp-json\/wp\/v2\/media?parent=25"}],"curies":[{"name":"wp","href":"https:\/\/api.w.org\/{rel}","templated":true}]}}