{"id":46,"date":"2026-03-19T20:46:46","date_gmt":"2026-03-19T23:46:46","guid":{"rendered":"http:\/\/victorysv.com.br\/?page_id=46"},"modified":"2026-03-20T00:23:45","modified_gmt":"2026-03-20T03:23:45","slug":"duplicatas-e-alugueis","status":"publish","type":"page","link":"https:\/\/victorysv.com.br\/index.php\/duplicatas-e-alugueis\/","title":{"rendered":"Duplicatas e alugu\u00e9is"},"content":{"rendered":"\t\t<div data-elementor-type=\"wp-page\" data-elementor-id=\"46\" class=\"elementor elementor-46\">\n\t\t\t\t<div class=\"elementor-element elementor-element-6cabbdd e-flex e-con-boxed e-con e-parent\" data-id=\"6cabbdd\" data-element_type=\"container\" data-e-type=\"container\">\n\t\t\t\t\t<div class=\"e-con-inner\">\n\t\t\t\t<div class=\"elementor-element elementor-element-b42ac4a elementor-widget elementor-widget-html\" data-id=\"b42ac4a\" data-element_type=\"widget\" data-e-type=\"widget\" data-widget_type=\"html.default\">\n\t\t\t\t\t<div style=\"\r\nwidth:100vw;\r\nmargin-left:calc(-50vw + 50%);\r\nbackground:#003641;\r\npadding:80px 20px;\r\ncolor:white;\r\n\">\r\n\r\n<div style=\"\r\nmax-width:1100px;\r\nmargin:auto;\r\ndisplay:flex;\r\nflex-wrap:wrap;\r\nalign-items:center;\r\ngap:40px;\r\n\">\r\n\r\n<div style=\"flex:1;min-width:280px;\">\r\n\r\n<h1 style=\"font-size:40px;\">\r\nTransforme receb\u00edveis em capital imediato\r\n<\/h1>\r\n\r\n<p style=\"font-size:18px;line-height:1.6;\">\r\n\r\nEmpresas que faturam a prazo ou possuem contratos de aluguel\r\nn\u00e3o precisam esperar para receber.\r\n\r\nAntecipe duplicatas, contratos e receb\u00edveis\r\ncom seguran\u00e7a e previsibilidade.\r\n\r\n<\/p>\r\n\r\n<a href=\"\/contato\"\r\nstyle=\"\r\nbackground:#7DB61C;\r\npadding:15px 30px;\r\ncolor:white;\r\ntext-decoration:none;\r\ndisplay:inline-block;\r\nmargin-top:20px;\r\n\">\r\nQuero antecipar receb\u00edveis\r\n<\/a>\r\n\r\n<\/div>\r\n\r\n\r\n<div style=\"flex:1;min-width:280px;\">\r\n\r\n<img decoding=\"async\" src=\"https:\/\/images.unsplash.com\/photo-1554224155-6726b3ff858f\"\r\nstyle=\"width:100%;border-radius:10px;\">\r\n\r\n<\/div>\r\n\r\n<\/div>\r\n<\/div>\t\t\t\t<\/div>\n\t\t\t\t\t<\/div>\n\t\t\t\t<\/div>\n\t\t\t\t<\/div>\n\t\t","protected":false},"excerpt":{"rendered":"<p>Transforme receb\u00edveis em capital imediato Empresas que faturam a prazo ou possuem contratos de aluguel n\u00e3o precisam esperar para receber. [&hellip;]<\/p>\n","protected":false},"author":1,"featured_media":0,"parent":0,"menu_order":0,"comment_status":"closed","ping_status":"closed","template":"","meta":{"site-sidebar-layout":"no-sidebar","site-content-layout":"","ast-site-content-layout":"full-width-container","site-content-style":"default","site-sidebar-style":"default","ast-global-header-display":"","ast-banner-title-visibility":"","ast-main-header-display":"","ast-hfb-above-header-display":"","ast-hfb-below-header-display":"","ast-hfb-mobile-header-display":"","site-post-title":"disabled","ast-breadcrumbs-content":"","ast-featured-img":"disabled","footer-sml-layout":"","ast-disable-related-posts":"","theme-transparent-header-meta":"","adv-header-id-meta":"","stick-header-meta":"","header-above-stick-meta":"","header-main-stick-meta":"","header-below-stick-meta":"","astra-migrate-meta-layouts":"default","ast-page-background-enabled":"default","ast-page-background-meta":{"desktop":{"background-color":"var(--ast-global-color-5)","background-image":"","background-repeat":"repeat","background-position":"center center","background-size":"auto","background-attachment":"scroll","background-type":"","background-media":"","overlay-type":"","overlay-color":"","overlay-opacity":"","overlay-gradient":""},"tablet":{"background-color":"","background-image":"","background-repeat":"repeat","background-position":"center center","background-size":"auto","background-attachment":"scroll","background-type":"","background-media":"","overlay-type":"","overlay-color":"","overlay-opacity":"","overlay-gradient":""},"mobile":{"background-color":"","background-image":"","background-repeat":"repeat","background-position":"center center","background-size":"auto","background-attachment":"scroll","background-type":"","background-media":"","overlay-type":"","overlay-color":"","overlay-opacity":"","overlay-gradient":""}},"ast-content-background-meta":{"desktop":{"background-color":"var(--ast-global-color-4)","background-image":"","background-repeat":"repeat","background-position":"center center","background-size":"auto","background-attachment":"scroll","background-type":"","background-media":"","overlay-type":"","overlay-color":"","overlay-opacity":"","overlay-gradient":""},"tablet":{"background-color":"var(--ast-global-color-4)","background-image":"","background-repeat":"repeat","background-position":"center center","background-size":"auto","background-attachment":"scroll","background-type":"","background-media":"","overlay-type":"","overlay-color":"","overlay-opacity":"","overlay-gradient":""},"mobile":{"background-color":"var(--ast-global-color-4)","background-image":"","background-repeat":"repeat","background-position":"center center","background-size":"auto","background-attachment":"scroll","background-type":"","background-media":"","overlay-type":"","overlay-color":"","overlay-opacity":"","overlay-gradient":""}},"footnotes":""},"class_list":["post-46","page","type-page","status-publish","hentry"],"yoast_head":"<!-- This site is optimized with the Yoast SEO plugin v27.3 - https:\/\/yoast.com\/product\/yoast-seo-wordpress\/ -->\n<title>Duplicatas e alugu\u00e9is -<\/title>\n<meta name=\"robots\" content=\"index, follow, max-snippet:-1, max-image-preview:large, max-video-preview:-1\" \/>\n<link rel=\"canonical\" href=\"http:\/\/victorysv.com.br\/index.php\/duplicatas-e-alugueis\/\" \/>\n<meta property=\"og:locale\" content=\"pt_BR\" \/>\n<meta property=\"og:type\" content=\"article\" \/>\n<meta property=\"og:title\" content=\"Duplicatas e alugu\u00e9is -\" \/>\n<meta property=\"og:description\" content=\"Transforme receb\u00edveis em capital imediato Empresas que faturam a prazo ou possuem contratos de aluguel n\u00e3o precisam esperar para receber. [&hellip;]\" \/>\n<meta property=\"og:url\" content=\"http:\/\/victorysv.com.br\/index.php\/duplicatas-e-alugueis\/\" \/>\n<meta property=\"article:modified_time\" content=\"2026-03-20T03:23:45+00:00\" \/>\n<meta property=\"og:image\" content=\"https:\/\/images.unsplash.com\/photo-1554224155-6726b3ff858f\" \/>\n<meta name=\"twitter:card\" content=\"summary_large_image\" \/>\n<meta name=\"twitter:label1\" content=\"Est. tempo de leitura\" \/>\n\t<meta name=\"twitter:data1\" content=\"1 minuto\" \/>\n<script type=\"application\/ld+json\" class=\"yoast-schema-graph\">{\"@context\":\"https:\\\/\\\/schema.org\",\"@graph\":[{\"@type\":\"WebPage\",\"@id\":\"http:\\\/\\\/victorysv.com.br\\\/index.php\\\/duplicatas-e-alugueis\\\/\",\"url\":\"http:\\\/\\\/victorysv.com.br\\\/index.php\\\/duplicatas-e-alugueis\\\/\",\"name\":\"Duplicatas e alugu\u00e9is -\",\"isPartOf\":{\"@id\":\"https:\\\/\\\/victorysv.com.br\\\/#website\"},\"primaryImageOfPage\":{\"@id\":\"http:\\\/\\\/victorysv.com.br\\\/index.php\\\/duplicatas-e-alugueis\\\/#primaryimage\"},\"image\":{\"@id\":\"http:\\\/\\\/victorysv.com.br\\\/index.php\\\/duplicatas-e-alugueis\\\/#primaryimage\"},\"thumbnailUrl\":\"https:\\\/\\\/images.unsplash.com\\\/photo-1554224155-6726b3ff858f\",\"datePublished\":\"2026-03-19T23:46:46+00:00\",\"dateModified\":\"2026-03-20T03:23:45+00:00\",\"breadcrumb\":{\"@id\":\"http:\\\/\\\/victorysv.com.br\\\/index.php\\\/duplicatas-e-alugueis\\\/#breadcrumb\"},\"inLanguage\":\"pt-BR\",\"potentialAction\":[{\"@type\":\"ReadAction\",\"target\":[\"http:\\\/\\\/victorysv.com.br\\\/index.php\\\/duplicatas-e-alugueis\\\/\"]}]},{\"@type\":\"ImageObject\",\"inLanguage\":\"pt-BR\",\"@id\":\"http:\\\/\\\/victorysv.com.br\\\/index.php\\\/duplicatas-e-alugueis\\\/#primaryimage\",\"url\":\"https:\\\/\\\/images.unsplash.com\\\/photo-1554224155-6726b3ff858f\",\"contentUrl\":\"https:\\\/\\\/images.unsplash.com\\\/photo-1554224155-6726b3ff858f\"},{\"@type\":\"BreadcrumbList\",\"@id\":\"http:\\\/\\\/victorysv.com.br\\\/index.php\\\/duplicatas-e-alugueis\\\/#breadcrumb\",\"itemListElement\":[{\"@type\":\"ListItem\",\"position\":1,\"name\":\"Home\",\"item\":\"https:\\\/\\\/victorysv.com.br\\\/\"},{\"@type\":\"ListItem\",\"position\":2,\"name\":\"Duplicatas e alugu\u00e9is\"}]},{\"@type\":\"WebSite\",\"@id\":\"https:\\\/\\\/victorysv.com.br\\\/#website\",\"url\":\"https:\\\/\\\/victorysv.com.br\\\/\",\"name\":\"Victory Solu\u00e7\u00f5es Vers\u00e1teis\",\"description\":\"\",\"publisher\":{\"@id\":\"https:\\\/\\\/victorysv.com.br\\\/#organization\"},\"potentialAction\":[{\"@type\":\"SearchAction\",\"target\":{\"@type\":\"EntryPoint\",\"urlTemplate\":\"https:\\\/\\\/victorysv.com.br\\\/?s={search_term_string}\"},\"query-input\":{\"@type\":\"PropertyValueSpecification\",\"valueRequired\":true,\"valueName\":\"search_term_string\"}}],\"inLanguage\":\"pt-BR\"},{\"@type\":\"Organization\",\"@id\":\"https:\\\/\\\/victorysv.com.br\\\/#organization\",\"name\":\"Victory Solu\u00e7\u00f5es Vers\u00e1teis\",\"url\":\"https:\\\/\\\/victorysv.com.br\\\/\",\"logo\":{\"@type\":\"ImageObject\",\"inLanguage\":\"pt-BR\",\"@id\":\"https:\\\/\\\/victorysv.com.br\\\/#\\\/schema\\\/logo\\\/image\\\/\",\"url\":\"https:\\\/\\\/victorysv.com.br\\\/wp-content\\\/uploads\\\/2026\\\/03\\\/cropped-Prancheta-1.png\",\"contentUrl\":\"https:\\\/\\\/victorysv.com.br\\\/wp-content\\\/uploads\\\/2026\\\/03\\\/cropped-Prancheta-1.png\",\"width\":647,\"height\":188,\"caption\":\"Victory Solu\u00e7\u00f5es Vers\u00e1teis\"},\"image\":{\"@id\":\"https:\\\/\\\/victorysv.com.br\\\/#\\\/schema\\\/logo\\\/image\\\/\"}}]}<\/script>\n<!-- \/ Yoast SEO plugin. -->","yoast_head_json":{"title":"Duplicatas e alugu\u00e9is -","robots":{"index":"index","follow":"follow","max-snippet":"max-snippet:-1","max-image-preview":"max-image-preview:large","max-video-preview":"max-video-preview:-1"},"canonical":"http:\/\/victorysv.com.br\/index.php\/duplicatas-e-alugueis\/","og_locale":"pt_BR","og_type":"article","og_title":"Duplicatas e alugu\u00e9is -","og_description":"Transforme receb\u00edveis em capital imediato Empresas que faturam a prazo ou possuem contratos de aluguel n\u00e3o precisam esperar para receber. [&hellip;]","og_url":"http:\/\/victorysv.com.br\/index.php\/duplicatas-e-alugueis\/","article_modified_time":"2026-03-20T03:23:45+00:00","og_image":[{"url":"https:\/\/images.unsplash.com\/photo-1554224155-6726b3ff858f","type":"","width":"","height":""}],"twitter_card":"summary_large_image","twitter_misc":{"Est. tempo de leitura":"1 minuto"},"schema":{"@context":"https:\/\/schema.org","@graph":[{"@type":"WebPage","@id":"http:\/\/victorysv.com.br\/index.php\/duplicatas-e-alugueis\/","url":"http:\/\/victorysv.com.br\/index.php\/duplicatas-e-alugueis\/","name":"Duplicatas e alugu\u00e9is -","isPartOf":{"@id":"https:\/\/victorysv.com.br\/#website"},"primaryImageOfPage":{"@id":"http:\/\/victorysv.com.br\/index.php\/duplicatas-e-alugueis\/#primaryimage"},"image":{"@id":"http:\/\/victorysv.com.br\/index.php\/duplicatas-e-alugueis\/#primaryimage"},"thumbnailUrl":"https:\/\/images.unsplash.com\/photo-1554224155-6726b3ff858f","datePublished":"2026-03-19T23:46:46+00:00","dateModified":"2026-03-20T03:23:45+00:00","breadcrumb":{"@id":"http:\/\/victorysv.com.br\/index.php\/duplicatas-e-alugueis\/#breadcrumb"},"inLanguage":"pt-BR","potentialAction":[{"@type":"ReadAction","target":["http:\/\/victorysv.com.br\/index.php\/duplicatas-e-alugueis\/"]}]},{"@type":"ImageObject","inLanguage":"pt-BR","@id":"http:\/\/victorysv.com.br\/index.php\/duplicatas-e-alugueis\/#primaryimage","url":"https:\/\/images.unsplash.com\/photo-1554224155-6726b3ff858f","contentUrl":"https:\/\/images.unsplash.com\/photo-1554224155-6726b3ff858f"},{"@type":"BreadcrumbList","@id":"http:\/\/victorysv.com.br\/index.php\/duplicatas-e-alugueis\/#breadcrumb","itemListElement":[{"@type":"ListItem","position":1,"name":"Home","item":"https:\/\/victorysv.com.br\/"},{"@type":"ListItem","position":2,"name":"Duplicatas e alugu\u00e9is"}]},{"@type":"WebSite","@id":"https:\/\/victorysv.com.br\/#website","url":"https:\/\/victorysv.com.br\/","name":"Victory Solu\u00e7\u00f5es Vers\u00e1teis","description":"","publisher":{"@id":"https:\/\/victorysv.com.br\/#organization"},"potentialAction":[{"@type":"SearchAction","target":{"@type":"EntryPoint","urlTemplate":"https:\/\/victorysv.com.br\/?s={search_term_string}"},"query-input":{"@type":"PropertyValueSpecification","valueRequired":true,"valueName":"search_term_string"}}],"inLanguage":"pt-BR"},{"@type":"Organization","@id":"https:\/\/victorysv.com.br\/#organization","name":"Victory Solu\u00e7\u00f5es Vers\u00e1teis","url":"https:\/\/victorysv.com.br\/","logo":{"@type":"ImageObject","inLanguage":"pt-BR","@id":"https:\/\/victorysv.com.br\/#\/schema\/logo\/image\/","url":"https:\/\/victorysv.com.br\/wp-content\/uploads\/2026\/03\/cropped-Prancheta-1.png","contentUrl":"https:\/\/victorysv.com.br\/wp-content\/uploads\/2026\/03\/cropped-Prancheta-1.png","width":647,"height":188,"caption":"Victory Solu\u00e7\u00f5es Vers\u00e1teis"},"image":{"@id":"https:\/\/victorysv.com.br\/#\/schema\/logo\/image\/"}}]}},"_links":{"self":[{"href":"https:\/\/victorysv.com.br\/index.php\/wp-json\/wp\/v2\/pages\/46","targetHints":{"allow":["GET"]}}],"collection":[{"href":"https:\/\/victorysv.com.br\/index.php\/wp-json\/wp\/v2\/pages"}],"about":[{"href":"https:\/\/victorysv.com.br\/index.php\/wp-json\/wp\/v2\/types\/page"}],"author":[{"embeddable":true,"href":"https:\/\/victorysv.com.br\/index.php\/wp-json\/wp\/v2\/users\/1"}],"replies":[{"embeddable":true,"href":"https:\/\/victorysv.com.br\/index.php\/wp-json\/wp\/v2\/comments?post=46"}],"version-history":[{"count":4,"href":"https:\/\/victorysv.com.br\/index.php\/wp-json\/wp\/v2\/pages\/46\/revisions"}],"predecessor-version":[{"id":171,"href":"https:\/\/victorysv.com.br\/index.php\/wp-json\/wp\/v2\/pages\/46\/revisions\/171"}],"wp:attachment":[{"href":"https:\/\/victorysv.com.br\/index.php\/wp-json\/wp\/v2\/media?parent=46"}],"curies":[{"name":"wp","href":"https:\/\/api.w.org\/{rel}","templated":true}]}}