{"id":48,"date":"2026-03-19T20:37:20","date_gmt":"2026-03-19T23:37:20","guid":{"rendered":"http:\/\/victorysv.com.br\/?page_id=48"},"modified":"2026-03-20T00:25:58","modified_gmt":"2026-03-20T03:25:58","slug":"holdings-familiares","status":"publish","type":"page","link":"https:\/\/victorysv.com.br\/index.php\/holdings-familiares\/","title":{"rendered":"Holdings familiares"},"content":{"rendered":"\t\t<div data-elementor-type=\"wp-page\" data-elementor-id=\"48\" class=\"elementor elementor-48\">\n\t\t\t\t<div class=\"elementor-element elementor-element-845c6f3 e-flex e-con-boxed e-con e-parent\" data-id=\"845c6f3\" data-element_type=\"container\" data-e-type=\"container\">\n\t\t\t\t\t<div class=\"e-con-inner\">\n\t\t\t\t<div class=\"elementor-element elementor-element-480d014 elementor-widget elementor-widget-html\" data-id=\"480d014\" data-element_type=\"widget\" data-e-type=\"widget\" data-widget_type=\"html.default\">\n\t\t\t\t\t<div style=\"\r\nwidth:100vw;\r\nmargin-left:calc(-50vw + 50%);\r\nbackground:#003641;\r\npadding:90px 20px;\r\ncolor:white;\r\n\">\r\n\r\n<div style=\"\r\nmax-width:1100px;\r\nmargin:auto;\r\ndisplay:flex;\r\nflex-wrap:wrap;\r\nalign-items:center;\r\ngap:40px;\r\n\">\r\n\r\n<div style=\"flex:1;min-width:280px;\">\r\n\r\n<h1 style=\"font-size:42px;\">\r\nTransforme alugu\u00e9is futuros em capital imediato\r\n<\/h1>\r\n\r\n<p style=\"font-size:18px;line-height:1.7;\">\r\n\r\nSe sua holding possui im\u00f3veis alugados,\r\nvoc\u00ea tem patrim\u00f4nio s\u00f3lido,\r\nmas o dinheiro entra aos poucos.\r\n\r\nAntecipe contratos de loca\u00e7\u00e3o\r\ne receba \u00e0 vista com seguran\u00e7a jur\u00eddica.\r\n\r\nSem vender ativos.\r\nSem empr\u00e9stimos.\r\nSem perder patrim\u00f4nio.\r\n\r\n<\/p>\r\n\r\n<a href=\"\/contato\"\r\nstyle=\"\r\nbackground:#7DB61C;\r\npadding:15px 30px;\r\ncolor:white;\r\ntext-decoration:none;\r\ndisplay:inline-block;\r\nmargin-top:20px;\r\n\">\r\nQuero antecipar receb\u00edveis\r\n<\/a>\r\n\r\n<\/div>\r\n\r\n\r\n<div style=\"flex:1;min-width:280px;\">\r\n\r\n<img decoding=\"async\" src=\"https:\/\/images.unsplash.com\/photo-1560518883-ce09059eeffa\"\r\nstyle=\"width:100%;border-radius:10px;\">\r\n\r\n<\/div>\r\n\r\n<\/div>\r\n<\/div>\t\t\t\t<\/div>\n\t\t\t\t\t<\/div>\n\t\t\t\t<\/div>\n\t\t\t\t<\/div>\n\t\t","protected":false},"excerpt":{"rendered":"<p>Transforme alugu\u00e9is futuros em capital imediato Se sua holding possui im\u00f3veis alugados, voc\u00ea tem patrim\u00f4nio s\u00f3lido, mas o dinheiro entra [&hellip;]<\/p>\n","protected":false},"author":1,"featured_media":0,"parent":0,"menu_order":0,"comment_status":"closed","ping_status":"closed","template":"","meta":{"site-sidebar-layout":"no-sidebar","site-content-layout":"","ast-site-content-layout":"full-width-container","site-content-style":"default","site-sidebar-style":"default","ast-global-header-display":"","ast-banner-title-visibility":"","ast-main-header-display":"","ast-hfb-above-header-display":"","ast-hfb-below-header-display":"","ast-hfb-mobile-header-display":"","site-post-title":"disabled","ast-breadcrumbs-content":"","ast-featured-img":"disabled","footer-sml-layout":"","ast-disable-related-posts":"","theme-transparent-header-meta":"","adv-header-id-meta":"","stick-header-meta":"","header-above-stick-meta":"","header-main-stick-meta":"","header-below-stick-meta":"","astra-migrate-meta-layouts":"default","ast-page-background-enabled":"default","ast-page-background-meta":{"desktop":{"background-color":"var(--ast-global-color-5)","background-image":"","background-repeat":"repeat","background-position":"center center","background-size":"auto","background-attachment":"scroll","background-type":"","background-media":"","overlay-type":"","overlay-color":"","overlay-opacity":"","overlay-gradient":""},"tablet":{"background-color":"","background-image":"","background-repeat":"repeat","background-position":"center center","background-size":"auto","background-attachment":"scroll","background-type":"","background-media":"","overlay-type":"","overlay-color":"","overlay-opacity":"","overlay-gradient":""},"mobile":{"background-color":"","background-image":"","background-repeat":"repeat","background-position":"center center","background-size":"auto","background-attachment":"scroll","background-type":"","background-media":"","overlay-type":"","overlay-color":"","overlay-opacity":"","overlay-gradient":""}},"ast-content-background-meta":{"desktop":{"background-color":"var(--ast-global-color-4)","background-image":"","background-repeat":"repeat","background-position":"center center","background-size":"auto","background-attachment":"scroll","background-type":"","background-media":"","overlay-type":"","overlay-color":"","overlay-opacity":"","overlay-gradient":""},"tablet":{"background-color":"var(--ast-global-color-4)","background-image":"","background-repeat":"repeat","background-position":"center center","background-size":"auto","background-attachment":"scroll","background-type":"","background-media":"","overlay-type":"","overlay-color":"","overlay-opacity":"","overlay-gradient":""},"mobile":{"background-color":"var(--ast-global-color-4)","background-image":"","background-repeat":"repeat","background-position":"center center","background-size":"auto","background-attachment":"scroll","background-type":"","background-media":"","overlay-type":"","overlay-color":"","overlay-opacity":"","overlay-gradient":""}},"footnotes":""},"class_list":["post-48","page","type-page","status-publish","hentry"],"yoast_head":"<!-- This site is optimized with the Yoast SEO plugin v27.3 - https:\/\/yoast.com\/product\/yoast-seo-wordpress\/ -->\n<title>Holdings familiares -<\/title>\n<meta name=\"robots\" content=\"index, follow, max-snippet:-1, max-image-preview:large, max-video-preview:-1\" \/>\n<link rel=\"canonical\" href=\"http:\/\/victorysv.com.br\/index.php\/holdings-familiares\/\" \/>\n<meta property=\"og:locale\" content=\"pt_BR\" \/>\n<meta property=\"og:type\" content=\"article\" \/>\n<meta property=\"og:title\" content=\"Holdings familiares -\" \/>\n<meta property=\"og:description\" content=\"Transforme alugu\u00e9is futuros em capital imediato Se sua holding possui im\u00f3veis alugados, voc\u00ea tem patrim\u00f4nio s\u00f3lido, mas o dinheiro entra [&hellip;]\" \/>\n<meta property=\"og:url\" content=\"http:\/\/victorysv.com.br\/index.php\/holdings-familiares\/\" \/>\n<meta property=\"article:modified_time\" content=\"2026-03-20T03:25:58+00:00\" \/>\n<meta property=\"og:image\" content=\"https:\/\/images.unsplash.com\/photo-1560518883-ce09059eeffa\" \/>\n<meta name=\"twitter:card\" content=\"summary_large_image\" \/>\n<meta name=\"twitter:label1\" content=\"Est. tempo de leitura\" \/>\n\t<meta name=\"twitter:data1\" content=\"1 minuto\" \/>\n<script type=\"application\/ld+json\" class=\"yoast-schema-graph\">{\"@context\":\"https:\\\/\\\/schema.org\",\"@graph\":[{\"@type\":\"WebPage\",\"@id\":\"http:\\\/\\\/victorysv.com.br\\\/index.php\\\/holdings-familiares\\\/\",\"url\":\"http:\\\/\\\/victorysv.com.br\\\/index.php\\\/holdings-familiares\\\/\",\"name\":\"Holdings familiares -\",\"isPartOf\":{\"@id\":\"https:\\\/\\\/victorysv.com.br\\\/#website\"},\"primaryImageOfPage\":{\"@id\":\"http:\\\/\\\/victorysv.com.br\\\/index.php\\\/holdings-familiares\\\/#primaryimage\"},\"image\":{\"@id\":\"http:\\\/\\\/victorysv.com.br\\\/index.php\\\/holdings-familiares\\\/#primaryimage\"},\"thumbnailUrl\":\"https:\\\/\\\/images.unsplash.com\\\/photo-1560518883-ce09059eeffa\",\"datePublished\":\"2026-03-19T23:37:20+00:00\",\"dateModified\":\"2026-03-20T03:25:58+00:00\",\"breadcrumb\":{\"@id\":\"http:\\\/\\\/victorysv.com.br\\\/index.php\\\/holdings-familiares\\\/#breadcrumb\"},\"inLanguage\":\"pt-BR\",\"potentialAction\":[{\"@type\":\"ReadAction\",\"target\":[\"http:\\\/\\\/victorysv.com.br\\\/index.php\\\/holdings-familiares\\\/\"]}]},{\"@type\":\"ImageObject\",\"inLanguage\":\"pt-BR\",\"@id\":\"http:\\\/\\\/victorysv.com.br\\\/index.php\\\/holdings-familiares\\\/#primaryimage\",\"url\":\"https:\\\/\\\/images.unsplash.com\\\/photo-1560518883-ce09059eeffa\",\"contentUrl\":\"https:\\\/\\\/images.unsplash.com\\\/photo-1560518883-ce09059eeffa\"},{\"@type\":\"BreadcrumbList\",\"@id\":\"http:\\\/\\\/victorysv.com.br\\\/index.php\\\/holdings-familiares\\\/#breadcrumb\",\"itemListElement\":[{\"@type\":\"ListItem\",\"position\":1,\"name\":\"Home\",\"item\":\"https:\\\/\\\/victorysv.com.br\\\/\"},{\"@type\":\"ListItem\",\"position\":2,\"name\":\"Holdings familiares\"}]},{\"@type\":\"WebSite\",\"@id\":\"https:\\\/\\\/victorysv.com.br\\\/#website\",\"url\":\"https:\\\/\\\/victorysv.com.br\\\/\",\"name\":\"Victory Solu\u00e7\u00f5es Vers\u00e1teis\",\"description\":\"\",\"publisher\":{\"@id\":\"https:\\\/\\\/victorysv.com.br\\\/#organization\"},\"potentialAction\":[{\"@type\":\"SearchAction\",\"target\":{\"@type\":\"EntryPoint\",\"urlTemplate\":\"https:\\\/\\\/victorysv.com.br\\\/?s={search_term_string}\"},\"query-input\":{\"@type\":\"PropertyValueSpecification\",\"valueRequired\":true,\"valueName\":\"search_term_string\"}}],\"inLanguage\":\"pt-BR\"},{\"@type\":\"Organization\",\"@id\":\"https:\\\/\\\/victorysv.com.br\\\/#organization\",\"name\":\"Victory Solu\u00e7\u00f5es Vers\u00e1teis\",\"url\":\"https:\\\/\\\/victorysv.com.br\\\/\",\"logo\":{\"@type\":\"ImageObject\",\"inLanguage\":\"pt-BR\",\"@id\":\"https:\\\/\\\/victorysv.com.br\\\/#\\\/schema\\\/logo\\\/image\\\/\",\"url\":\"https:\\\/\\\/victorysv.com.br\\\/wp-content\\\/uploads\\\/2026\\\/03\\\/cropped-Prancheta-1.png\",\"contentUrl\":\"https:\\\/\\\/victorysv.com.br\\\/wp-content\\\/uploads\\\/2026\\\/03\\\/cropped-Prancheta-1.png\",\"width\":647,\"height\":188,\"caption\":\"Victory Solu\u00e7\u00f5es Vers\u00e1teis\"},\"image\":{\"@id\":\"https:\\\/\\\/victorysv.com.br\\\/#\\\/schema\\\/logo\\\/image\\\/\"}}]}<\/script>\n<!-- \/ Yoast SEO plugin. -->","yoast_head_json":{"title":"Holdings familiares -","robots":{"index":"index","follow":"follow","max-snippet":"max-snippet:-1","max-image-preview":"max-image-preview:large","max-video-preview":"max-video-preview:-1"},"canonical":"http:\/\/victorysv.com.br\/index.php\/holdings-familiares\/","og_locale":"pt_BR","og_type":"article","og_title":"Holdings familiares -","og_description":"Transforme alugu\u00e9is futuros em capital imediato Se sua holding possui im\u00f3veis alugados, voc\u00ea tem patrim\u00f4nio s\u00f3lido, mas o dinheiro entra [&hellip;]","og_url":"http:\/\/victorysv.com.br\/index.php\/holdings-familiares\/","article_modified_time":"2026-03-20T03:25:58+00:00","og_image":[{"url":"https:\/\/images.unsplash.com\/photo-1560518883-ce09059eeffa","type":"","width":"","height":""}],"twitter_card":"summary_large_image","twitter_misc":{"Est. tempo de leitura":"1 minuto"},"schema":{"@context":"https:\/\/schema.org","@graph":[{"@type":"WebPage","@id":"http:\/\/victorysv.com.br\/index.php\/holdings-familiares\/","url":"http:\/\/victorysv.com.br\/index.php\/holdings-familiares\/","name":"Holdings familiares -","isPartOf":{"@id":"https:\/\/victorysv.com.br\/#website"},"primaryImageOfPage":{"@id":"http:\/\/victorysv.com.br\/index.php\/holdings-familiares\/#primaryimage"},"image":{"@id":"http:\/\/victorysv.com.br\/index.php\/holdings-familiares\/#primaryimage"},"thumbnailUrl":"https:\/\/images.unsplash.com\/photo-1560518883-ce09059eeffa","datePublished":"2026-03-19T23:37:20+00:00","dateModified":"2026-03-20T03:25:58+00:00","breadcrumb":{"@id":"http:\/\/victorysv.com.br\/index.php\/holdings-familiares\/#breadcrumb"},"inLanguage":"pt-BR","potentialAction":[{"@type":"ReadAction","target":["http:\/\/victorysv.com.br\/index.php\/holdings-familiares\/"]}]},{"@type":"ImageObject","inLanguage":"pt-BR","@id":"http:\/\/victorysv.com.br\/index.php\/holdings-familiares\/#primaryimage","url":"https:\/\/images.unsplash.com\/photo-1560518883-ce09059eeffa","contentUrl":"https:\/\/images.unsplash.com\/photo-1560518883-ce09059eeffa"},{"@type":"BreadcrumbList","@id":"http:\/\/victorysv.com.br\/index.php\/holdings-familiares\/#breadcrumb","itemListElement":[{"@type":"ListItem","position":1,"name":"Home","item":"https:\/\/victorysv.com.br\/"},{"@type":"ListItem","position":2,"name":"Holdings familiares"}]},{"@type":"WebSite","@id":"https:\/\/victorysv.com.br\/#website","url":"https:\/\/victorysv.com.br\/","name":"Victory Solu\u00e7\u00f5es Vers\u00e1teis","description":"","publisher":{"@id":"https:\/\/victorysv.com.br\/#organization"},"potentialAction":[{"@type":"SearchAction","target":{"@type":"EntryPoint","urlTemplate":"https:\/\/victorysv.com.br\/?s={search_term_string}"},"query-input":{"@type":"PropertyValueSpecification","valueRequired":true,"valueName":"search_term_string"}}],"inLanguage":"pt-BR"},{"@type":"Organization","@id":"https:\/\/victorysv.com.br\/#organization","name":"Victory Solu\u00e7\u00f5es Vers\u00e1teis","url":"https:\/\/victorysv.com.br\/","logo":{"@type":"ImageObject","inLanguage":"pt-BR","@id":"https:\/\/victorysv.com.br\/#\/schema\/logo\/image\/","url":"https:\/\/victorysv.com.br\/wp-content\/uploads\/2026\/03\/cropped-Prancheta-1.png","contentUrl":"https:\/\/victorysv.com.br\/wp-content\/uploads\/2026\/03\/cropped-Prancheta-1.png","width":647,"height":188,"caption":"Victory Solu\u00e7\u00f5es Vers\u00e1teis"},"image":{"@id":"https:\/\/victorysv.com.br\/#\/schema\/logo\/image\/"}}]}},"_links":{"self":[{"href":"https:\/\/victorysv.com.br\/index.php\/wp-json\/wp\/v2\/pages\/48","targetHints":{"allow":["GET"]}}],"collection":[{"href":"https:\/\/victorysv.com.br\/index.php\/wp-json\/wp\/v2\/pages"}],"about":[{"href":"https:\/\/victorysv.com.br\/index.php\/wp-json\/wp\/v2\/types\/page"}],"author":[{"embeddable":true,"href":"https:\/\/victorysv.com.br\/index.php\/wp-json\/wp\/v2\/users\/1"}],"replies":[{"embeddable":true,"href":"https:\/\/victorysv.com.br\/index.php\/wp-json\/wp\/v2\/comments?post=48"}],"version-history":[{"count":4,"href":"https:\/\/victorysv.com.br\/index.php\/wp-json\/wp\/v2\/pages\/48\/revisions"}],"predecessor-version":[{"id":174,"href":"https:\/\/victorysv.com.br\/index.php\/wp-json\/wp\/v2\/pages\/48\/revisions\/174"}],"wp:attachment":[{"href":"https:\/\/victorysv.com.br\/index.php\/wp-json\/wp\/v2\/media?parent=48"}],"curies":[{"name":"wp","href":"https:\/\/api.w.org\/{rel}","templated":true}]}}